{"id":951,"date":"2026-03-03T06:32:29","date_gmt":"2026-03-03T11:32:29","guid":{"rendered":"https:\/\/actionforclimate.earth\/?page_id=951"},"modified":"2026-03-29T16:22:21","modified_gmt":"2026-03-29T21:22:21","slug":"siembra-con-nosotros","status":"publish","type":"page","link":"https:\/\/actionforclimate.earth\/index.php\/siembra-con-nosotros\/","title":{"rendered":"Siembra con nosotros"},"content":{"rendered":"\n<div class=\"wp-block-columns has-background is-layout-flex wp-container-core-columns-is-layout-ef350914 wp-block-columns-is-layout-flex\" style=\"background-color:#f0f5fa;padding-top:var(--wp--preset--spacing--30);padding-bottom:var(--wp--preset--spacing--30)\">\n<div class=\"wp-block-column is-layout-flow wp-block-column-is-layout-flow\" style=\"flex-basis:33.33%\">\n<figure class=\"wp-block-image size-large\"><img loading=\"lazy\" decoding=\"async\" width=\"1024\" height=\"1024\" src=\"https:\/\/actionforclimate.earth\/wp-content\/uploads\/2026\/01\/Cambio_13_26_vert-1024x1024.png\" alt=\"\" class=\"wp-image-630\" srcset=\"https:\/\/actionforclimate.earth\/wp-content\/uploads\/2026\/01\/Cambio_13_26_vert-1024x1024.png 1024w, https:\/\/actionforclimate.earth\/wp-content\/uploads\/2026\/01\/Cambio_13_26_vert-300x300.png 300w, https:\/\/actionforclimate.earth\/wp-content\/uploads\/2026\/01\/Cambio_13_26_vert-100x100.png 100w, https:\/\/actionforclimate.earth\/wp-content\/uploads\/2026\/01\/Cambio_13_26_vert-150x150.png 150w, https:\/\/actionforclimate.earth\/wp-content\/uploads\/2026\/01\/Cambio_13_26_vert-1536x1536.png 1536w, https:\/\/actionforclimate.earth\/wp-content\/uploads\/2026\/01\/Cambio_13_26_vert-2048x2048.png 2048w\" sizes=\"auto, (max-width: 1024px) 100vw, 1024px\" \/><\/figure>\n\n\n\n<p class=\"has-small-font-size\">Cambio de cobertura en un potrero improductivo a un bosque com m\u00e1s de 2000 \u00e1rboles plantados en la RNSC Bosque La Candelaria &#8211; Guasca &#8211; Colombia. Im\u00e1genes Google Earth, Goggle Satellite.<\/p>\n<\/div>\n\n\n\n<div class=\"wp-block-column is-layout-flow wp-block-column-is-layout-flow\" style=\"flex-basis:66.66%\">\n<h2 class=\"wp-block-heading\">Qu\u00e9 nos mueve<\/h2>\n\n\n\n<p>Tenemos la convicci\u00f3n que, como sociedad, debemos cooperar para afrontar el cambio ambiental producto de la interacci\u00f3n de nuestra especie con los ecosistemas que nos proveen los recursos necesarios para satisfacer necesidades como provisi\u00f3n de agua, aire, suelos productivos, espacios para vivienda y recreaci\u00f3n y muchos mas. Sobre estos productos y servicios que nos prestan los ecosistemas pesan situaciones ante las cuales debemos actuar:<\/p>\n\n\n\n<ul class=\"wp-block-list\">\n<li>Contaminaci\u00f3n atmosf\u00e9rica<\/li>\n\n\n\n<li>P\u00e9rdida de productividad de los suelos<\/li>\n\n\n\n<li>Efectos de los extemos clim\u00e1ticos<\/li>\n\n\n\n<li>P\u00e9rdida de biodiversidad<\/li>\n\n\n\n<li>Cambio clim\u00e1tico<\/li>\n<\/ul>\n\n\n\n<p>La restauraci\u00f3n de bosques sembrando \u00e1rboles es una acci\u00f3n eficaz para afrontar estos retos. Los bosques purifican la atm\u00f3sfera, evitan la erosi\u00f3n, mitigan lo extemos clim\u00e1ticos, proveen h\u00e1bitat a innumerables seres vivos y capturan CO<sub>2<\/sub> con lo que contribuyen a desacelerar el calentamiento global. <\/p>\n<\/div>\n<\/div>\n\n\n\n<div class=\"wp-block-columns has-background is-layout-flex wp-container-core-columns-is-layout-ec2e7a44 wp-block-columns-is-layout-flex\" style=\"background-color:#f0f5fa;padding-top:0;padding-bottom:0\">\n<div class=\"wp-block-column is-layout-flow wp-block-column-is-layout-flow\" style=\"flex-basis:66.66%\">\n<h2 class=\"wp-block-heading\">Nuestras siembras<\/h2>\n\n\n\n<p>Nuestras siembras cuentan con el respaldo de un equipo t\u00e9cnico con amplio conocimiento de los ecosistemas y m\u00e9todos silviculturales para garantizar la efecacia de los resultados a largo plazo. Las siembras las realizamos en Reservas Naturales de la Sociedad Civil (RNSC) o en predios con calificaci\u00f3n OMEC (Otras Medidas Efectivas de Conservaci\u00f3n).<\/p>\n\n\n\n<h3 class=\"wp-block-heading\">Aspectos t\u00e9cnicos<\/h3>\n\n\n\n<ul class=\"wp-block-list\">\n<li><strong>Predios<\/strong>: Realizamos las siembras en predios privados que han suscrito acuerdos de conservaci\u00f3n y cuentan con \u00e1reas destinadas a restauraci\u00f3n ecol\u00f3gica.<\/li>\n\n\n\n<li><strong>Eapecies<\/strong>: Empleamos especies nativas locales provenientes de viveros calificados. <\/li>\n\n\n\n<li><strong>\u00c1rboles<\/strong>: Sembramos individuos sanos de talla adecuada para garantizar su sobrevivencia.<\/li>\n\n\n\n<li><strong>Espacializaci\u00f3n<\/strong>: Los lotes sembrados est\u00e1 georreferenciados y pueden observarse en el visor de siembras.<\/li>\n\n\n\n<li><strong>Individualizaci\u00f3n<\/strong>. Cada \u00e1rbol sembrado cuenta con un identificador \u00fanico.<\/li>\n\n\n\n<li><strong>Transparencia<\/strong>: Digitalizamos la informaci\u00f3n de cada \u00e1rbol y la incorporamos a una base de datos que puede ser consultada con el c\u00f3digo de identificaci\u00f3n.<\/li>\n<\/ul>\n\n\n\n<figure class=\"wp-block-image size-full\"><img loading=\"lazy\" decoding=\"async\" width=\"1203\" height=\"892\" src=\"https:\/\/actionforclimate.earth\/wp-content\/uploads\/2026\/02\/Salida-consulta.png\" alt=\"\" class=\"wp-image-963\" srcset=\"https:\/\/actionforclimate.earth\/wp-content\/uploads\/2026\/02\/Salida-consulta.png 1203w, https:\/\/actionforclimate.earth\/wp-content\/uploads\/2026\/02\/Salida-consulta-768x569.png 768w, https:\/\/actionforclimate.earth\/wp-content\/uploads\/2026\/02\/Salida-consulta-1320x978.png 1320w, https:\/\/actionforclimate.earth\/wp-content\/uploads\/2026\/02\/Salida-consulta-600x444.png 600w\" sizes=\"auto, (max-width: 1203px) 100vw, 1203px\" \/><\/figure>\n<\/div>\n\n\n\n<div class=\"wp-block-column is-layout-flow wp-block-column-is-layout-flow\" style=\"flex-basis:33.33%\">\n<figure class=\"wp-block-image size-large\"><img loading=\"lazy\" decoding=\"async\" width=\"1024\" height=\"1024\" src=\"https:\/\/actionforclimate.earth\/wp-content\/uploads\/2026\/02\/SnVal_ChdS_ed-1024x1024.png\" alt=\"\" class=\"wp-image-959\" srcset=\"https:\/\/actionforclimate.earth\/wp-content\/uploads\/2026\/02\/SnVal_ChdS_ed-1024x1024.png 1024w, https:\/\/actionforclimate.earth\/wp-content\/uploads\/2026\/02\/SnVal_ChdS_ed-300x300.png 300w, https:\/\/actionforclimate.earth\/wp-content\/uploads\/2026\/02\/SnVal_ChdS_ed-150x150.png 150w, https:\/\/actionforclimate.earth\/wp-content\/uploads\/2026\/02\/SnVal_ChdS_ed-1536x1536.png 1536w, https:\/\/actionforclimate.earth\/wp-content\/uploads\/2026\/02\/SnVal_ChdS_ed-2048x2048.png 2048w, https:\/\/actionforclimate.earth\/wp-content\/uploads\/2026\/02\/SnVal_ChdS_ed-100x100.png 100w\" sizes=\"auto, (max-width: 1024px) 100vw, 1024px\" \/><\/figure>\n\n\n\n<p class=\"has-small-font-size\">Lote sembrado en la RNSC Chochal de Siecha, los s\u00edmbolos amarillos representan \u00e1rboles. Febrero 2026. Mapa base Google Salellite.<\/p>\n\n\n\n<figure class=\"wp-block-image aligncenter size-full is-resized\"><img loading=\"lazy\" decoding=\"async\" width=\"276\" height=\"475\" src=\"https:\/\/actionforclimate.earth\/wp-content\/uploads\/2026\/02\/Arbol_placa.jpg\" alt=\"\" class=\"wp-image-961\" style=\"aspect-ratio:0.5810717457811112;width:262px;height:auto\" srcset=\"https:\/\/actionforclimate.earth\/wp-content\/uploads\/2026\/02\/Arbol_placa.jpg 276w, https:\/\/actionforclimate.earth\/wp-content\/uploads\/2026\/02\/Arbol_placa-768x1321.jpg 768w, https:\/\/actionforclimate.earth\/wp-content\/uploads\/2026\/02\/Arbol_placa-1320x2271.jpg 1320w, https:\/\/actionforclimate.earth\/wp-content\/uploads\/2026\/02\/Arbol_placa-600x1032.jpg 600w\" sizes=\"auto, (max-width: 276px) 100vw, 276px\" \/><\/figure>\n\n\n\n<p class=\"has-small-font-size\"><strong>^ arriba:<\/strong> \u00c1rbol codificado que ha sido apadrinado.<br><br> <strong>\u00ab Izquierda<\/strong>: Captura de pantalla de resultado de consulta de un \u00e1rbol apadrinado..<\/p>\n<\/div>\n<\/div>\n\n\n\n<div class=\"wp-block-columns has-background is-layout-flex wp-container-core-columns-is-layout-ef350914 wp-block-columns-is-layout-flex\" style=\"background-color:#f0f5fa;padding-top:var(--wp--preset--spacing--30);padding-bottom:var(--wp--preset--spacing--30)\">\n<div class=\"wp-block-column is-layout-flow wp-block-column-is-layout-flow\">\n<h2 class=\"wp-block-heading\">Siembras<\/h2>\n<\/div>\n<\/div>\n\n\n\n<div class=\"wp-block-columns has-background is-layout-flex wp-container-core-columns-is-layout-ec2e7a44 wp-block-columns-is-layout-flex\" style=\"background-color:#f0f5fa;padding-top:0;padding-bottom:0\">\n<div class=\"wp-block-column is-layout-flow wp-block-column-is-layout-flow\">\n<h3 class=\"wp-block-heading has-text-align-center\">Grupal<\/h3>\n\n\n\n<figure class=\"wp-block-image size-large\"><img loading=\"lazy\" decoding=\"async\" width=\"1024\" height=\"683\" src=\"https:\/\/actionforclimate.earth\/wp-content\/uploads\/2026\/03\/grupal-1024x683.jpg\" alt=\"\" class=\"wp-image-1018\" srcset=\"https:\/\/actionforclimate.earth\/wp-content\/uploads\/2026\/03\/grupal-1024x683.jpg 1024w, https:\/\/actionforclimate.earth\/wp-content\/uploads\/2026\/03\/grupal-300x200.jpg 300w, https:\/\/actionforclimate.earth\/wp-content\/uploads\/2026\/03\/grupal-768x512.jpg 768w, https:\/\/actionforclimate.earth\/wp-content\/uploads\/2026\/03\/grupal-1536x1024.jpg 1536w, https:\/\/actionforclimate.earth\/wp-content\/uploads\/2026\/03\/grupal-1320x880.jpg 1320w, https:\/\/actionforclimate.earth\/wp-content\/uploads\/2026\/03\/grupal-600x400.jpg 600w, https:\/\/actionforclimate.earth\/wp-content\/uploads\/2026\/03\/grupal.jpg 1600w\" sizes=\"auto, (max-width: 1024px) 100vw, 1024px\" \/><\/figure>\n\n\n\n<p>En esta modalidad acuden al sitio de siembra colectivos institucionles, empresariales u otros motivados a aunar voluntades a las causas ambientales y sociales que agenciamos<\/p>\n<\/div>\n\n\n\n<div class=\"wp-block-column is-layout-flow wp-block-column-is-layout-flow\">\n<h3 class=\"wp-block-heading has-text-align-center\">Apadrinada<\/h3>\n\n\n\n<figure class=\"wp-block-image size-full\"><img loading=\"lazy\" decoding=\"async\" width=\"794\" height=\"529\" src=\"https:\/\/actionforclimate.earth\/wp-content\/uploads\/2026\/02\/Certificado_01.webp\" alt=\"\" class=\"wp-image-915\" srcset=\"https:\/\/actionforclimate.earth\/wp-content\/uploads\/2026\/02\/Certificado_01.webp 794w, https:\/\/actionforclimate.earth\/wp-content\/uploads\/2026\/02\/Certificado_01-768x511.webp 768w, https:\/\/actionforclimate.earth\/wp-content\/uploads\/2026\/02\/Certificado_01-1320x879.webp 1320w, https:\/\/actionforclimate.earth\/wp-content\/uploads\/2026\/02\/Certificado_01-600x399.webp 600w\" sizes=\"auto, (max-width: 794px) 100vw, 794px\" \/><\/figure>\n\n\n\n<p>\u00c1rboles plantados para ser adoptados con motivos como conmemoraciones aniversarios, conmemoraciones u otros. El patrocinio nos permite sembrar nuevos \u00e1rboles. Se otorga certificado. Los \u00e1rboles pueden ser consultados en nuestra plataforma &#8220;Ver tus \u00e1rboles&#8221;.<\/p>\n<\/div>\n\n\n\n<div class=\"wp-block-column is-layout-flow wp-block-column-is-layout-flow\">\n<h3 class=\"wp-block-heading has-text-align-center\">T\u00e9cnica<\/h3>\n\n\n\n<figure class=\"wp-block-image size-full\"><img loading=\"lazy\" decoding=\"async\" width=\"1590\" height=\"1060\" src=\"https:\/\/actionforclimate.earth\/wp-content\/uploads\/2026\/03\/siembra_tec.jpg\" alt=\"\" class=\"wp-image-1020\" srcset=\"https:\/\/actionforclimate.earth\/wp-content\/uploads\/2026\/03\/siembra_tec.jpg 1590w, https:\/\/actionforclimate.earth\/wp-content\/uploads\/2026\/03\/siembra_tec-768x512.jpg 768w, https:\/\/actionforclimate.earth\/wp-content\/uploads\/2026\/03\/siembra_tec-1320x880.jpg 1320w, https:\/\/actionforclimate.earth\/wp-content\/uploads\/2026\/03\/siembra_tec-600x400.jpg 600w\" sizes=\"auto, (max-width: 1590px) 100vw, 1590px\" \/><\/figure>\n\n\n\n<p>Siembras contratadas como compensaciones ambientales voluntarias realizadas sin la paricipaci\u00f3n de voluntarios ejacutadas por nuestro equipo t\u00e9cnico. <br>Estas siembras cuentan con contabilidad de captura de carbono com proyecci\u00f3n de compensaci\u00f3n a 15 a\u00f1os.<\/p>\n<\/div>\n<\/div>\n\n\n\n<div class=\"wp-block-columns has-background is-layout-flex wp-container-core-columns-is-layout-28f84493 wp-block-columns-is-layout-flex\" style=\"background-color:#f0f5fa\">\n<div class=\"wp-block-column is-layout-flow wp-block-column-is-layout-flow\">\n<p class=\"has-text-align-center\"><strong>Comparte<\/strong><\/p>\n\n\n<\/div>\n\n\n\n<div class=\"wp-block-column is-layout-flow wp-block-column-is-layout-flow\">\n<div class=\"wp-block-buttons is-content-justification-center is-layout-flex wp-container-core-buttons-is-layout-a89b3969 wp-block-buttons-is-layout-flex\">\n<div class=\"wp-block-button\"><a class=\"wp-block-button__link has-text-align-center wp-element-button\" href=\"https:\/\/actionforclimate.earth\/index.php\/tienda\/\">Motivos para sembrar<\/a><\/div>\n<\/div>\n<\/div>\n\n\n\n<div class=\"wp-block-column is-layout-flow wp-block-column-is-layout-flow\">\n<p class=\"has-text-align-center\"><strong>Habla con nosotros<\/strong><\/p>\n\n\n\n<div class=\"wp-block-jetpack-send-a-message\">\n<div class=\"wp-block-jetpack-whatsapp-button aligncenter is-color-light\"><a class=\"whatsapp-block__button\" href=\"https:\/\/api.whatsapp.com\/send?phone=573168764818&amp;text=%C2%BFQuieres%20saber%20m%C3%A1s%20sobre%20nuestras%20siembras%3F\" style=\"background-color:#FFFFFF;color:#465B64\" target=\"_self\" rel=\"noopener noreferrer\">Chat en WhatsApp<\/a><\/div>\n<\/div>\n<\/div>\n<\/div>\n","protected":false},"excerpt":{"rendered":"<p>Cambio de cobertura en un potrero improductivo a un bosque com m\u00e1s de 2000 \u00e1rboles plantados en la RNSC Bosque [&hellip;]<\/p>\n","protected":false},"author":1,"featured_media":0,"parent":0,"menu_order":0,"comment_status":"closed","ping_status":"closed","template":"","meta":{"site-sidebar-layout":"default","site-content-layout":"","ast-site-content-layout":"default","site-content-style":"default","site-sidebar-style":"default","ast-global-header-display":"","ast-banner-title-visibility":"","ast-main-header-display":"","ast-hfb-above-header-display":"","ast-hfb-below-header-display":"","ast-hfb-mobile-header-display":"","site-post-title":"","ast-breadcrumbs-content":"","ast-featured-img":"","footer-sml-layout":"","ast-disable-related-posts":"","theme-transparent-header-meta":"","adv-header-id-meta":"","stick-header-meta":"","header-above-stick-meta":"","header-main-stick-meta":"","header-below-stick-meta":"","astra-migrate-meta-layouts":"default","ast-page-background-enabled":"default","ast-page-background-meta":{"desktop":{"background-color":"var(--ast-global-color-5)","background-image":"","background-repeat":"repeat","background-position":"center center","background-size":"auto","background-attachment":"scroll","background-type":"","background-media":"","overlay-type":"","overlay-color":"","overlay-opacity":"","overlay-gradient":""},"tablet":{"background-color":"","background-image":"","background-repeat":"repeat","background-position":"center center","background-size":"auto","background-attachment":"scroll","background-type":"","background-media":"","overlay-type":"","overlay-color":"","overlay-opacity":"","overlay-gradient":""},"mobile":{"background-color":"","background-image":"","background-repeat":"repeat","background-position":"center center","background-size":"auto","background-attachment":"scroll","background-type":"","background-media":"","overlay-type":"","overlay-color":"","overlay-opacity":"","overlay-gradient":""}},"ast-content-background-meta":{"desktop":{"background-color":"var(--ast-global-color-4)","background-image":"","background-repeat":"repeat","background-position":"center center","background-size":"auto","background-attachment":"scroll","background-type":"","background-media":"","overlay-type":"","overlay-color":"","overlay-opacity":"","overlay-gradient":""},"tablet":{"background-color":"var(--ast-global-color-4)","background-image":"","background-repeat":"repeat","background-position":"center center","background-size":"auto","background-attachment":"scroll","background-type":"","background-media":"","overlay-type":"","overlay-color":"","overlay-opacity":"","overlay-gradient":""},"mobile":{"background-color":"var(--ast-global-color-4)","background-image":"","background-repeat":"repeat","background-position":"center center","background-size":"auto","background-attachment":"scroll","background-type":"","background-media":"","overlay-type":"","overlay-color":"","overlay-opacity":"","overlay-gradient":""}},"footnotes":""},"class_list":["post-951","page","type-page","status-publish","hentry"],"jetpack_sharing_enabled":true,"_links":{"self":[{"href":"https:\/\/actionforclimate.earth\/index.php\/wp-json\/wp\/v2\/pages\/951","targetHints":{"allow":["GET"]}}],"collection":[{"href":"https:\/\/actionforclimate.earth\/index.php\/wp-json\/wp\/v2\/pages"}],"about":[{"href":"https:\/\/actionforclimate.earth\/index.php\/wp-json\/wp\/v2\/types\/page"}],"author":[{"embeddable":true,"href":"https:\/\/actionforclimate.earth\/index.php\/wp-json\/wp\/v2\/users\/1"}],"replies":[{"embeddable":true,"href":"https:\/\/actionforclimate.earth\/index.php\/wp-json\/wp\/v2\/comments?post=951"}],"version-history":[{"count":46,"href":"https:\/\/actionforclimate.earth\/index.php\/wp-json\/wp\/v2\/pages\/951\/revisions"}],"predecessor-version":[{"id":1264,"href":"https:\/\/actionforclimate.earth\/index.php\/wp-json\/wp\/v2\/pages\/951\/revisions\/1264"}],"wp:attachment":[{"href":"https:\/\/actionforclimate.earth\/index.php\/wp-json\/wp\/v2\/media?parent=951"}],"curies":[{"name":"wp","href":"https:\/\/api.w.org\/{rel}","templated":true}]}}