{"id":249,"date":"2025-08-12T19:59:56","date_gmt":"2025-08-13T00:59:56","guid":{"rendered":"https:\/\/actionforclimate.earth\/?page_id=249"},"modified":"2026-03-29T16:19:14","modified_gmt":"2026-03-29T21:19:14","slug":"consejo-de-gobierno","status":"publish","type":"page","link":"https:\/\/actionforclimate.earth\/index.php\/consejo-de-gobierno\/","title":{"rendered":"Nosotros"},"content":{"rendered":"\n<div class=\"wp-block-columns has-ast-global-color-5-background-color has-background is-layout-flex wp-container-core-columns-is-layout-ef350914 wp-block-columns-is-layout-flex\" style=\"padding-top:var(--wp--preset--spacing--30);padding-bottom:var(--wp--preset--spacing--30)\">\n<div class=\"wp-block-column is-layout-flow wp-block-column-is-layout-flow\">\n<div class=\"wp-block-group has-ast-global-color-4-background-color has-background is-layout-constrained wp-container-core-group-is-layout-ef289faa wp-block-group-is-layout-constrained\" style=\"padding-right:var(--wp--preset--spacing--30);padding-left:var(--wp--preset--spacing--30)\">\n<h3 class=\"wp-block-heading has-text-align-center\">\u00bfQu\u00e9 nos mueve?<\/h3>\n\n\n\n<div class=\"wp-block-columns is-layout-flex wp-container-core-columns-is-layout-28f84493 wp-block-columns-is-layout-flex\">\n<div class=\"wp-block-column is-layout-flow wp-block-column-is-layout-flow\">\n<p><strong>Nos mueve <\/strong>la convicci\u00f3n de cooperar con empresas, organizaciones y dem\u00e1s estamentos de la sociedad conscientes de la necesidad de generar e implementar soluciones eficaces para revertir la degradaci\u00f3n ambiental, la p\u00e9rdida de biodiversidad y los efectos del cambio clim\u00e1tico, a la vez promover modelos productivos sostenibles y eficientes.<\/p>\n\n\n\n<h3 class=\"wp-block-heading has-text-align-right\">Campos de acci\u00f3n<\/h3>\n\n\n\n<ul class=\"wp-block-list\">\n<li>Compensaciones voluntarias de huella de carbono.<\/li>\n\n\n\n<li>Econom\u00eda circular.<\/li>\n\n\n\n<li>Gesti\u00f3n integral del recurso h\u00eddrico.<\/li>\n<\/ul>\n<\/div>\n\n\n\n<div class=\"wp-block-column is-layout-flow wp-block-column-is-layout-flow\">\n<p>Consideramos que los <strong>Objetivos de Desarrollo Sostenible <\/strong>proveen un marco de referencia de base cient\u00edfica, suficientemente amplio y flexible que puede ser adoptado por todas las empresas y organizaciones sin comprometer la rentabilidad econ\u00f3mica, sumando rentabilidad ambiental y social.<\/p>\n\n\n\n<p><br><\/p>\n\n\n\n<ul class=\"wp-block-list\">\n<li>Sistemas productivos con enfoque regenerativo.<\/li>\n\n\n\n<li>Eficiencia energ\u00e9tica y energ\u00edas renovables.<\/li>\n\n\n\n<li>Restauraci\u00f3n ecol\u00f3gica y coservaci\u00f3n.<\/li>\n<\/ul>\n<\/div>\n<\/div>\n\n\n\n<hr class=\"wp-block-separator has-alpha-channel-opacity\"\/>\n<\/div>\n\n\n\n<div data-widget-id=\"1\" id=\"wps-widget--team-1\" style=\"visibility: hidden; opacity: 0\" class=\"wps-container wps-widget wps-widget--team wps-team-theme--square-01 wps-team--type-grid wps-team-card-action--single-page wps-team--social-hover-up wps-team--thumbnail-shad\">\n    \n    \n    <div class=\"wps-container--inner\">\n\n                \n        \n            <div class=\"wps-row\">\n\n                \n                                \n                    <div class=\"wps-col wps-widget--item wps-widget--item-239 \">\n                        <div class=\"wpspeedo-team--single\">\n                            <div class=\"wps-team--single-inner\">\n                                \n                                <div class=\"team-member--thumbnail-wrapper wps-team--member-element\"><div class=\"team-member--thumbnail\"><img loading=\"lazy\" decoding=\"async\" width=\"150\" height=\"150\" src=\"https:\/\/actionforclimate.earth\/wp-content\/uploads\/2025\/11\/carlos_94w-150x150.jpg\" class=\" wp-post-image\" alt=\"\" srcset=\"https:\/\/actionforclimate.earth\/wp-content\/uploads\/2025\/11\/carlos_94w-150x150.jpg 150w, https:\/\/actionforclimate.earth\/wp-content\/uploads\/2025\/11\/carlos_94w-300x300.jpg 300w, https:\/\/actionforclimate.earth\/wp-content\/uploads\/2025\/11\/carlos_94w-100x100.jpg 100w\" sizes=\"auto, (max-width: 150px) 100vw, 150px\" \/><\/div><\/div><h3 class=\"wps-team--member-title wps-team--member-element\">Carlos  Castillo<\/h3><h4 class=\"wps-team--member-desig wps-team--member-element\">Oficial de proyectos<\/h4><div class=\"wps-team--divider-wrapper wps-team--member-element\"><div class=\"wps-team--divider\"><\/div><\/div><div class=\"wps-team--member-details wps-team--member-details-excerpt wps-team--member-element\"><p>Carlos se ha desempe\u00f1ado en gesti\u00f3n de \u00e1reas protegidas en Colombia. Durante los recientes 15 a\u00f1os ha liderando proyectos de restauraci\u00f3n ecol\u00f3gica con impacto a escala de paisaje. El enfoque de su trabajo es de gesti\u00f3n social &#8211; territorial.<\/p>\n<\/div>\n                            <\/div>\n                        <\/div>\n                    <\/div>\n\n                    \n                \n                                \n                    <div class=\"wps-col wps-widget--item wps-widget--item-237\">\n                        <div class=\"wpspeedo-team--single\">\n                            <div class=\"wps-team--single-inner\">\n                                \n                                <div class=\"team-member--thumbnail-wrapper wps-team--member-element\"><div class=\"team-member--thumbnail\"><img loading=\"lazy\" decoding=\"async\" width=\"150\" height=\"150\" src=\"https:\/\/actionforclimate.earth\/wp-content\/uploads\/2025\/08\/sam-150x150.jpeg\" class=\" wp-post-image\" alt=\"\" srcset=\"https:\/\/actionforclimate.earth\/wp-content\/uploads\/2025\/08\/sam-150x150.jpeg 150w, https:\/\/actionforclimate.earth\/wp-content\/uploads\/2025\/08\/sam-300x300.jpeg 300w, https:\/\/actionforclimate.earth\/wp-content\/uploads\/2025\/08\/sam-100x100.jpeg 100w\" sizes=\"auto, (max-width: 150px) 100vw, 150px\" \/><\/div><\/div><h3 class=\"wps-team--member-title wps-team--member-element\">Samuel  Serna<\/h3><h4 class=\"wps-team--member-desig wps-team--member-element\">Asesor en Restauraci\u00f3n<\/h4><div class=\"wps-team--divider-wrapper wps-team--member-element\"><div class=\"wps-team--divider\"><\/div><\/div><div class=\"wps-team--member-details wps-team--member-details-excerpt wps-team--member-element\"><p>Samuel es conocedor de la biota de los bosques andinos, lidera procesos de propagaci\u00f3n y siembra de \u00e1rboles nativos para restauraci\u00f3n ecol\u00f3gica en los bosques montanos de Los Andes. Tambi\u00e9n se desempe\u00f1a como educador ambiental y gu\u00eda profesional de turismo. &nbsp;<\/p>\n<\/div>\n                            <\/div>\n                        <\/div>\n                    <\/div>\n\n                    \n                \n                                \n                    <div class=\"wps-col wps-widget--item wps-widget--item-236\">\n                        <div class=\"wpspeedo-team--single\">\n                            <div class=\"wps-team--single-inner\">\n                                \n                                <div class=\"team-member--thumbnail-wrapper wps-team--member-element\"><div class=\"team-member--thumbnail\"><img loading=\"lazy\" decoding=\"async\" width=\"150\" height=\"150\" src=\"https:\/\/actionforclimate.earth\/wp-content\/uploads\/2025\/11\/carolina_ed-150x150.jpg\" class=\" wp-post-image\" alt=\"\" srcset=\"https:\/\/actionforclimate.earth\/wp-content\/uploads\/2025\/11\/carolina_ed-150x150.jpg 150w, https:\/\/actionforclimate.earth\/wp-content\/uploads\/2025\/11\/carolina_ed-100x100.jpg 100w, https:\/\/actionforclimate.earth\/wp-content\/uploads\/2025\/11\/carolina_ed.jpg 247w\" sizes=\"auto, (max-width: 150px) 100vw, 150px\" \/><\/div><\/div><h3 class=\"wps-team--member-title wps-team--member-element\">Carolina Cruz<\/h3><h4 class=\"wps-team--member-desig wps-team--member-element\">Asesor en Sostenibilidad<\/h4><div class=\"wps-team--divider-wrapper wps-team--member-element\"><div class=\"wps-team--divider\"><\/div><\/div><div class=\"wps-team--member-details wps-team--member-details-excerpt wps-team--member-element\"><p>Carolina ha realizado proyectos de gesti\u00f3n de microcuencas, conservaci\u00f3n, restauraci\u00f3n ecol\u00f3gica, actualmente dirige la Fundaci\u00f3n Naturaleza &amp; Patrimonio, con sede en Bogot\u00e1, Colombia. Carolina es Administradora Ambiental.<\/p>\n<\/div>\n                            <\/div>\n                        <\/div>\n                    <\/div>\n\n                    \n                        \n            <\/div>\n\n        \n                \n        <div class=\"wps-team--not-found-wrapper\">\n            <div class=\"wps-team--not-found\">No Results Found<\/div>\n        <\/div>\n\n        \n    <\/div>\n\n        \n<\/div>\n\n\n<hr class=\"wp-block-separator has-alpha-channel-opacity\"\/>\n\n\n\n<h3 class=\"wp-block-heading has-text-align-center\">CER Conducta Empresarial Responsable<\/h3>\n\n\n\n<p class=\"has-text-align-center has-ast-global-color-4-background-color has-background\">Somos una startup de servicios para la sostenibilidad con fundamento social e impacto territorial. <br>Adoptamos como \u00e9tica corporativa la <strong>Conducta Empresarial Reseponsable<\/strong> (CER). Nuestras operaciones est\u00e1n alineadas con los ODS de las comunidades donde oparamos. <a href=\"https:\/\/www.ilo.org\/es\/conducta-empresarial-responsable\">Saber mas sobre CER<\/a><\/p>\n\n\n\n<hr class=\"wp-block-separator has-alpha-channel-opacity\"\/>\n\n\n\n<div class=\"wp-block-columns has-background is-layout-flex wp-container-core-columns-is-layout-28f84493 wp-block-columns-is-layout-flex\" style=\"background-color:#f0f5fa\">\n<div class=\"wp-block-column is-layout-flow wp-block-column-is-layout-flow\">\n<p class=\"has-text-align-center\"><strong>Comparte<\/strong><\/p>\n\n\n<\/div>\n\n\n\n<div class=\"wp-block-column is-layout-flow wp-block-column-is-layout-flow\">\n<div class=\"wp-block-buttons is-content-justification-center is-layout-flex wp-container-core-buttons-is-layout-a89b3969 wp-block-buttons-is-layout-flex\">\n<div class=\"wp-block-button\"><a class=\"wp-block-button__link has-text-align-center wp-element-button\" href=\"https:\/\/actionforclimate.earth\/index.php\/tienda\/\">Motivos para sembrar<\/a><\/div>\n<\/div>\n<\/div>\n\n\n\n<div class=\"wp-block-column is-layout-flow wp-block-column-is-layout-flow\">\n<p class=\"has-text-align-center\"><strong>Habla con nosotros<\/strong><\/p>\n\n\n\n<div class=\"wp-block-jetpack-send-a-message\">\n<div class=\"wp-block-jetpack-whatsapp-button aligncenter is-color-light\"><a class=\"whatsapp-block__button\" href=\"https:\/\/api.whatsapp.com\/send?phone=573168764818&amp;text=%C2%BFQuieres%20saber%20m%C3%A1s%20sobre%20nuestras%20siembras%3F\" style=\"background-color:#FFFFFF;color:#465B64\" target=\"_self\" rel=\"noopener noreferrer\">Chat en WhatsApp<\/a><\/div>\n<\/div>\n<\/div>\n<\/div>\n<\/div>\n<\/div>\n","protected":false},"excerpt":{"rendered":"<p>\u00bfQu\u00e9 nos mueve? Nos mueve la convicci\u00f3n de cooperar con empresas, organizaciones y dem\u00e1s estamentos de la sociedad conscientes de [&hellip;]<\/p>\n","protected":false},"author":1,"featured_media":0,"parent":0,"menu_order":0,"comment_status":"closed","ping_status":"closed","template":"","meta":{"site-sidebar-layout":"default","site-content-layout":"","ast-site-content-layout":"default","site-content-style":"default","site-sidebar-style":"default","ast-global-header-display":"","ast-banner-title-visibility":"","ast-main-header-display":"","ast-hfb-above-header-display":"","ast-hfb-below-header-display":"","ast-hfb-mobile-header-display":"","site-post-title":"","ast-breadcrumbs-content":"","ast-featured-img":"","footer-sml-layout":"","ast-disable-related-posts":"","theme-transparent-header-meta":"","adv-header-id-meta":"","stick-header-meta":"","header-above-stick-meta":"","header-main-stick-meta":"","header-below-stick-meta":"","astra-migrate-meta-layouts":"default","ast-page-background-enabled":"default","ast-page-background-meta":{"desktop":{"background-color":"var(--ast-global-color-5)","background-image":"","background-repeat":"repeat","background-position":"center center","background-size":"auto","background-attachment":"scroll","background-type":"","background-media":"","overlay-type":"","overlay-color":"","overlay-opacity":"","overlay-gradient":""},"tablet":{"background-color":"","background-image":"","background-repeat":"repeat","background-position":"center center","background-size":"auto","background-attachment":"scroll","background-type":"","background-media":"","overlay-type":"","overlay-color":"","overlay-opacity":"","overlay-gradient":""},"mobile":{"background-color":"","background-image":"","background-repeat":"repeat","background-position":"center center","background-size":"auto","background-attachment":"scroll","background-type":"","background-media":"","overlay-type":"","overlay-color":"","overlay-opacity":"","overlay-gradient":""}},"ast-content-background-meta":{"desktop":{"background-color":"var(--ast-global-color-4)","background-image":"","background-repeat":"repeat","background-position":"center center","background-size":"auto","background-attachment":"scroll","background-type":"","background-media":"","overlay-type":"","overlay-color":"","overlay-opacity":"","overlay-gradient":""},"tablet":{"background-color":"var(--ast-global-color-4)","background-image":"","background-repeat":"repeat","background-position":"center center","background-size":"auto","background-attachment":"scroll","background-type":"","background-media":"","overlay-type":"","overlay-color":"","overlay-opacity":"","overlay-gradient":""},"mobile":{"background-color":"var(--ast-global-color-4)","background-image":"","background-repeat":"repeat","background-position":"center center","background-size":"auto","background-attachment":"scroll","background-type":"","background-media":"","overlay-type":"","overlay-color":"","overlay-opacity":"","overlay-gradient":""}},"footnotes":""},"class_list":["post-249","page","type-page","status-publish","hentry"],"jetpack_sharing_enabled":true,"_links":{"self":[{"href":"https:\/\/actionforclimate.earth\/index.php\/wp-json\/wp\/v2\/pages\/249","targetHints":{"allow":["GET"]}}],"collection":[{"href":"https:\/\/actionforclimate.earth\/index.php\/wp-json\/wp\/v2\/pages"}],"about":[{"href":"https:\/\/actionforclimate.earth\/index.php\/wp-json\/wp\/v2\/types\/page"}],"author":[{"embeddable":true,"href":"https:\/\/actionforclimate.earth\/index.php\/wp-json\/wp\/v2\/users\/1"}],"replies":[{"embeddable":true,"href":"https:\/\/actionforclimate.earth\/index.php\/wp-json\/wp\/v2\/comments?post=249"}],"version-history":[{"count":35,"href":"https:\/\/actionforclimate.earth\/index.php\/wp-json\/wp\/v2\/pages\/249\/revisions"}],"predecessor-version":[{"id":1262,"href":"https:\/\/actionforclimate.earth\/index.php\/wp-json\/wp\/v2\/pages\/249\/revisions\/1262"}],"wp:attachment":[{"href":"https:\/\/actionforclimate.earth\/index.php\/wp-json\/wp\/v2\/media?parent=249"}],"curies":[{"name":"wp","href":"https:\/\/api.w.org\/{rel}","templated":true}]}}