{"id":1142,"date":"2026-03-13T15:12:23","date_gmt":"2026-03-13T20:12:23","guid":{"rendered":"https:\/\/actionforclimate.earth\/?page_id=1142"},"modified":"2026-03-13T17:26:09","modified_gmt":"2026-03-13T22:26:09","slug":"ver-tus-siembras","status":"publish","type":"page","link":"https:\/\/actionforclimate.earth\/index.php\/ver-tus-siembras\/","title":{"rendered":"Ver tus siembras"},"content":{"rendered":"\n<div class=\"wp-block-columns has-ast-global-color-4-background-color has-background is-layout-flex wp-container-core-columns-is-layout-ec2e7a44 wp-block-columns-is-layout-flex\" style=\"padding-top:0;padding-bottom:0\">\n<div class=\"wp-block-column is-layout-flow wp-block-column-is-layout-flow\">\n<h3 class=\"wp-block-heading\">Visor de siembras<\/h3>\n\n\n\n<p>Hemos habilitado una herramienta interactiva para desplegar la informaci\u00f3n de las siembras que hemos realizado con prop\u00f3sito de restauraci\u00f3n ecol\u00f3gica e incidencia positiva servicios ecosist\u00e9micos y resciliencia en t\u00e9rminos de aumento de biodiversidad, regulaci\u00f3n del clima del agua y prevensi\u00f3n de erosi\u00f3n entre otros.<\/p>\n\n\n\n<p>El visor permite navegar a los predios y a las siembras y hacer zoom para obtener detalles de la ecolog\u00eda del sitio y de las actividades de siembra.<\/p>\n<\/div>\n\n\n\n<div class=\"wp-block-column is-layout-flow wp-block-column-is-layout-flow\">\n<figure class=\"wp-block-image size-large\"><img loading=\"lazy\" decoding=\"async\" width=\"1024\" height=\"546\" src=\"https:\/\/actionforclimate.earth\/wp-content\/uploads\/2025\/08\/img_qgis-1024x546.png\" alt=\"\" class=\"wp-image-82\" srcset=\"https:\/\/actionforclimate.earth\/wp-content\/uploads\/2025\/08\/img_qgis-1024x546.png 1024w, https:\/\/actionforclimate.earth\/wp-content\/uploads\/2025\/08\/img_qgis-600x320.png 600w, https:\/\/actionforclimate.earth\/wp-content\/uploads\/2025\/08\/img_qgis-300x160.png 300w, https:\/\/actionforclimate.earth\/wp-content\/uploads\/2025\/08\/img_qgis-768x409.png 768w, https:\/\/actionforclimate.earth\/wp-content\/uploads\/2025\/08\/img_qgis.png 1388w\" sizes=\"auto, (max-width: 1024px) 100vw, 1024px\" \/><\/figure>\n<\/div>\n<\/div>\n\n\n\n<div class=\"wp-block-columns has-ast-global-color-4-background-color has-background is-layout-flex wp-container-core-columns-is-layout-8d88fe0f wp-block-columns-is-layout-flex\" style=\"padding-top:var(--wp--preset--spacing--20);padding-bottom:var(--wp--preset--spacing--20)\">\n<div class=\"wp-block-column is-layout-flow wp-block-column-is-layout-flow\">\n<div class=\"wp-block-columns has-background is-layout-flex wp-container-core-columns-is-layout-ef350914 wp-block-columns-is-layout-flex\" style=\"background-color:#ff6a0057;padding-top:var(--wp--preset--spacing--30);padding-bottom:var(--wp--preset--spacing--30)\">\n<div class=\"wp-block-column is-layout-flow wp-block-column-is-layout-flow\">\n<ul class=\"wp-block-list\">\n<li>Puedes navegar libremente en la ventana del mapa hacia los pol\u00edgonos de los predios o de los lotes de siembra.<\/li>\n\n\n\n<li>Haz zoom con la rueda del rat\u00f3n para ampliar el detalle del pol\u00edgono y pulsa en el interior para obtener la informaci\u00f3n del predio o del lote de siembra.<\/li>\n<\/ul>\n<\/div>\n\n\n\n<div class=\"wp-block-column is-layout-flow wp-block-column-is-layout-flow\">\n<ul class=\"wp-block-list\">\n<li>Los predios est\u00e1n delimitados por l\u00edneas discontinuas de color naranja<\/li>\n\n\n\n<li>La l\u00ednea de borde de los lotes de siembra es de color verde .<\/li>\n\n\n\n<li>La herramienta &#8220;bin\u00f3culo&#8221; permite localizar una siembra digitando el nombre.<\/li>\n\n\n\n<li>Restaurar el mapa a la vista inicial &#8220;<a href=\"https:\/\/actionforclimate.earth\/index.php\/ver-tus-siembras\">click!<\/a>&#8220;<\/li>\n<\/ul>\n<\/div>\n<\/div>\n<\/div>\n<\/div>\n\n\n\n<div class=\"wp-block-columns alignwide has-ast-global-color-4-background-color has-background is-layout-flex wp-container-core-columns-is-layout-2000334d wp-block-columns-is-layout-flex\" id=\"map\" style=\"padding-top:0;padding-right:0;padding-bottom:0;padding-left:0\">\n<div class=\"wp-block-column is-layout-constrained wp-container-core-column-is-layout-704e782a wp-block-column-is-layout-constrained\">\n<div class=\"parent-container\">\n  <div class=\"centered-div\">\n   <iframe id=\"map\" style=\"width: 1180px; height: 550px; \" src=\"https:\/\/actionforclimate.earth\/qgis2web\/index.html\" <=\"\" iframe=\"\">\n  <\/div>\n<\/div><\/iframe><\/div><\/div>\n<\/div>\n<\/div>\n\n\n\n<div class=\"wp-block-columns has-background is-layout-flex wp-container-core-columns-is-layout-28f84493 wp-block-columns-is-layout-flex\" style=\"background-color:#f0f5fa\">\n<div class=\"wp-block-column is-layout-flow wp-block-column-is-layout-flow\">\n<p class=\"has-text-align-center\"><strong>Comparte<\/strong><\/p>\n\n\n<\/div>\n\n\n\n<div class=\"wp-block-column is-layout-flow wp-block-column-is-layout-flow\">\n<div class=\"wp-block-buttons is-content-justification-center is-layout-flex wp-container-core-buttons-is-layout-a89b3969 wp-block-buttons-is-layout-flex\">\n<div class=\"wp-block-button\"><a class=\"wp-block-button__link has-text-align-center wp-element-button\" href=\"https:\/\/actionforclimate.earth\/index.php\/tienda\/\">Motivos para sembrar<\/a><\/div>\n<\/div>\n<\/div>\n\n\n\n<div class=\"wp-block-column is-layout-flow wp-block-column-is-layout-flow\">\n<p class=\"has-text-align-center\"><strong>Habla con nosotros<\/strong><\/p>\n\n\n\n<div class=\"wp-block-jetpack-send-a-message\">\n<div class=\"wp-block-jetpack-whatsapp-button aligncenter is-color-light\"><a class=\"whatsapp-block__button\" href=\"https:\/\/api.whatsapp.com\/send?phone=573168764818&amp;text=%C2%BFQuieres%20saber%20m%C3%A1s%20sobre%20nuestras%20siembras%3F\" style=\"background-color:#FFFFFF;color:#465B64\" target=\"_self\" rel=\"noopener noreferrer\">Chat en WhatsApp<\/a><\/div>\n<\/div>\n<\/div>\n<\/div>\n\n\n\n<p><\/p>\n","protected":false},"excerpt":{"rendered":"<p>Visor de siembras Hemos habilitado una herramienta interactiva para desplegar la informaci\u00f3n de las siembras que hemos realizado con prop\u00f3sito [&hellip;]<\/p>\n","protected":false},"author":1,"featured_media":0,"parent":0,"menu_order":0,"comment_status":"closed","ping_status":"closed","template":"","meta":{"site-sidebar-layout":"default","site-content-layout":"","ast-site-content-layout":"default","site-content-style":"default","site-sidebar-style":"default","ast-global-header-display":"","ast-banner-title-visibility":"","ast-main-header-display":"","ast-hfb-above-header-display":"","ast-hfb-below-header-display":"","ast-hfb-mobile-header-display":"","site-post-title":"","ast-breadcrumbs-content":"","ast-featured-img":"","footer-sml-layout":"","ast-disable-related-posts":"","theme-transparent-header-meta":"","adv-header-id-meta":"","stick-header-meta":"","header-above-stick-meta":"","header-main-stick-meta":"","header-below-stick-meta":"","astra-migrate-meta-layouts":"default","ast-page-background-enabled":"default","ast-page-background-meta":{"desktop":{"background-color":"var(--ast-global-color-5)","background-image":"","background-repeat":"repeat","background-position":"center center","background-size":"auto","background-attachment":"scroll","background-type":"","background-media":"","overlay-type":"","overlay-color":"","overlay-opacity":"","overlay-gradient":""},"tablet":{"background-color":"","background-image":"","background-repeat":"repeat","background-position":"center center","background-size":"auto","background-attachment":"scroll","background-type":"","background-media":"","overlay-type":"","overlay-color":"","overlay-opacity":"","overlay-gradient":""},"mobile":{"background-color":"","background-image":"","background-repeat":"repeat","background-position":"center center","background-size":"auto","background-attachment":"scroll","background-type":"","background-media":"","overlay-type":"","overlay-color":"","overlay-opacity":"","overlay-gradient":""}},"ast-content-background-meta":{"desktop":{"background-color":"var(--ast-global-color-4)","background-image":"","background-repeat":"repeat","background-position":"center center","background-size":"auto","background-attachment":"scroll","background-type":"","background-media":"","overlay-type":"","overlay-color":"","overlay-opacity":"","overlay-gradient":""},"tablet":{"background-color":"var(--ast-global-color-4)","background-image":"","background-repeat":"repeat","background-position":"center center","background-size":"auto","background-attachment":"scroll","background-type":"","background-media":"","overlay-type":"","overlay-color":"","overlay-opacity":"","overlay-gradient":""},"mobile":{"background-color":"var(--ast-global-color-4)","background-image":"","background-repeat":"repeat","background-position":"center center","background-size":"auto","background-attachment":"scroll","background-type":"","background-media":"","overlay-type":"","overlay-color":"","overlay-opacity":"","overlay-gradient":""}},"footnotes":""},"class_list":["post-1142","page","type-page","status-publish","hentry"],"jetpack_sharing_enabled":true,"_links":{"self":[{"href":"https:\/\/actionforclimate.earth\/index.php\/wp-json\/wp\/v2\/pages\/1142","targetHints":{"allow":["GET"]}}],"collection":[{"href":"https:\/\/actionforclimate.earth\/index.php\/wp-json\/wp\/v2\/pages"}],"about":[{"href":"https:\/\/actionforclimate.earth\/index.php\/wp-json\/wp\/v2\/types\/page"}],"author":[{"embeddable":true,"href":"https:\/\/actionforclimate.earth\/index.php\/wp-json\/wp\/v2\/users\/1"}],"replies":[{"embeddable":true,"href":"https:\/\/actionforclimate.earth\/index.php\/wp-json\/wp\/v2\/comments?post=1142"}],"version-history":[{"count":29,"href":"https:\/\/actionforclimate.earth\/index.php\/wp-json\/wp\/v2\/pages\/1142\/revisions"}],"predecessor-version":[{"id":1187,"href":"https:\/\/actionforclimate.earth\/index.php\/wp-json\/wp\/v2\/pages\/1142\/revisions\/1187"}],"wp:attachment":[{"href":"https:\/\/actionforclimate.earth\/index.php\/wp-json\/wp\/v2\/media?parent=1142"}],"curies":[{"name":"wp","href":"https:\/\/api.w.org\/{rel}","templated":true}]}}